{"id":2246,"date":"2018-01-18T13:28:45","date_gmt":"2018-01-18T13:28:45","guid":{"rendered":"http:\/\/www.creativeaustria.at\/impressum\/"},"modified":"2018-03-08T13:40:54","modified_gmt":"2018-03-08T13:40:54","slug":"impressum","status":"publish","type":"page","link":"https:\/\/www.creativeaustria.at\/en\/impressum\/","title":{"rendered":"Impressum"},"content":{"rendered":"<div id=\"tdi_1\" class=\"tdc-row\"><div class=\"vc_row tdi_2  wpb_row td-pb-row\" >\n<style scoped>\n\/* custom css - generated by TagDiv Composer *\/\n\n\/* custom css - generated by TagDiv Composer *\/\n.tdi_2,\r\n                .tdi_2 .tdc-columns{\r\n                    min-height: 0;\r\n                }.tdi_2,\r\n\t\t\t\t.tdi_2 .tdc-columns{\r\n\t\t\t\t    display: block;\r\n\t\t\t\t}.tdi_2 .tdc-columns{\r\n\t\t\t\t    width: 100%;\r\n\t\t\t\t}.tdi_2:before,\r\n\t\t\t\t.tdi_2:after{\r\n\t\t\t\t    display: table;\r\n\t\t\t\t}\n<\/style><div class=\"vc_column tdi_4  wpb_column vc_column_container tdc-column td-pb-span8\">\n<style scoped>\n\/* custom css - generated by TagDiv Composer *\/\n\n\/* custom css - generated by TagDiv Composer *\/\n.tdi_4{\r\n                    vertical-align: baseline;\r\n                }.tdi_4 > .wpb_wrapper,\r\n\t\t\t\t.tdi_4 > .wpb_wrapper > .tdc-elements{\r\n\t\t\t\t    display: block;\r\n\t\t\t\t}.tdi_4 > .wpb_wrapper > .tdc-elements{\r\n\t\t\t\t    width: 100%;\r\n\t\t\t\t}.tdi_4 > .wpb_wrapper > .vc_row_inner{\r\n\t\t\t\t    width: auto;\r\n\t\t\t\t}.tdi_4 > .wpb_wrapper{\r\n\t\t\t\t    width: auto;\r\n\t\t\t\t    height: auto;\r\n\t\t\t\t}\n<\/style><div class=\"wpb_wrapper\" ><div class=\"wpb_wrapper wpb_text_column td_block_wrap td_block_wrap vc_column_text tdi_5  tagdiv-type td-pb-border-top td_block_template_1\"  data-td-block-uid=\"tdi_5\" >\n<style>\n\/* custom css - generated by TagDiv Composer *\/\n.vc_column_text > .td-element-style{\r\n\t\t\t\t\tz-index: -1;\r\n\t\t\t\t}\n<\/style><div class=\"td-fix-index\"><p class=\"headline\"><strong>CREATIVE AUSTRIA &#8211; Impressum \/ Legal Notice<\/strong><\/p>\n<p class=\"fliesstext\"><strong>Medieninhaber \/ f\u00fcr den Inhalt verantwortlich;<\/strong><br \/><strong>Owner \/ Responsible for the Content:<br \/><\/strong><strong><br \/><\/strong>BSX Schm\u00f6lzer GmbH<br \/>Elisabethinergasse 27a<br \/>A-8020 Graz<br \/>T.: (+43) 316 \u2013 766 700<br \/>F.: (+43) 316 \u2013 766 700 \u2013 40<br \/>W.: <a href=\"http:\/\/www.bsx.at\/\" target=\"_new\">www.bsx.at<\/a><\/p>\n<p class=\"fliesstext\">BSX Schm\u00f6lzer GmbH<br \/>Projektleitung \/ Project Director: Hansj\u00fcrgen Schm\u00f6lzer<br \/>Webdesign: Mat Kaiser;\u00a0Programming: Michael Wirnsperger, Mat Kaiser<\/p>\n<p class=\"fliesstext\"><strong>Disclaimer:<br \/><\/strong>F\u00fcr die Vollst\u00e4ndigkeit, Richtigkeit und Aktualit\u00e4t der Inhalte wird keine Gew\u00e4hr \u00fcbernommen. F\u00fcr die Inhalte externer Seiten und externer Links kann keine Haftung \u00fcbernommen werden. Der Berechtigung zur Nutzung der hier ver\u00f6ffentlichten Kontaktdaten durch Dritte zur unaufgeforderten Zusendung von E-Mails (Spam Mails) wird ausdr\u00fccklich widersprochen. Die hier ver\u00f6ffentlichten Werke und Inhalte unterliegen dem Urheberrechtsschutz nach dem \u00f6sterreichischen Urheberrechtsgesetz. Eine Weiterverwendung durch Dritte Bedarf der vorherigen Zustellung der Autoren und Ersteller.<\/p>\n<p>This Web site assumes no responsibility for completeness or correctness of the content and disclaims any obligation to keep the content up to date. No liability can be assumed for the content of third-party Web sites or external links. This Web site hereby expressly denies any and all third parties the right to use the contact data published here for the dissemination of unsolicited e-mails (spam). The works and content published here are subject to protection by copyright under the Austrian Copyright Act (<em>Urheberrechtsgesetz, UrhG<\/em>). Any use by third parties requires the prior written permission of the authors and originators.<\/p>\n<p class=\"fliesstext\">Impressum und Offenlegung gem. \u00a7\u00a7 24, 25 Mediengesetz:<br \/>Medieninhaber, Herausgeber, Hersteller und Eigent\u00fcmer: BSX Schm\u00f6lzer GmbH, Elisabethinergasse 27 a, 8020 Graz<br \/>\u00d6sterreich Bez\u00fcgl. der Offenlegungspflichten gem. \u00a7\u00a7 24, 25 Mediengesetz wird auf http:\/\/www.bsx.at\/impressum.php verwiesen.<\/p>\n<p>\u00a0<\/p>\n<p>\u00a0<\/p>\n<\/div><\/div><\/div><\/div><div class=\"vc_column tdi_7  wpb_column vc_column_container tdc-column td-pb-span4\">\n<style scoped>\n\/* custom css - generated by TagDiv Composer *\/\n\n\/* custom css - generated by TagDiv Composer *\/\n.tdi_7{\r\n                    vertical-align: baseline;\r\n                }.tdi_7 > .wpb_wrapper,\r\n\t\t\t\t.tdi_7 > .wpb_wrapper > .tdc-elements{\r\n\t\t\t\t    display: block;\r\n\t\t\t\t}.tdi_7 > .wpb_wrapper > .tdc-elements{\r\n\t\t\t\t    width: 100%;\r\n\t\t\t\t}.tdi_7 > .wpb_wrapper > .vc_row_inner{\r\n\t\t\t\t    width: auto;\r\n\t\t\t\t}.tdi_7 > .wpb_wrapper{\r\n\t\t\t\t    width: auto;\r\n\t\t\t\t    height: auto;\r\n\t\t\t\t}\n<\/style><div class=\"wpb_wrapper\" ><\/div><\/div><\/div><\/div>","protected":false},"excerpt":{"rendered":"","protected":false},"author":1,"featured_media":0,"parent":0,"menu_order":0,"comment_status":"open","ping_status":"closed","template":"page-pagebuilder-title.php","meta":{"jetpack_post_was_ever_published":false,"footnotes":""},"class_list":["post-2246","page","type-page","status-publish"],"yoast_head":"<!-- This site is optimized with the Yoast SEO plugin v23.9 - https:\/\/yoast.com\/wordpress\/plugins\/seo\/ -->\n<title>Impressum &#187; CREATIVE AUSTRIA \u2013 Contemporary Culture<\/title>\n<meta name=\"robots\" content=\"index, follow, max-snippet:-1, max-image-preview:large, max-video-preview:-1\" \/>\n<link rel=\"canonical\" href=\"https:\/\/www.creativeaustria.at\/en\/impressum\/\" \/>\n<meta property=\"og:locale\" content=\"en_US\" \/>\n<meta property=\"og:type\" content=\"article\" \/>\n<meta property=\"og:title\" content=\"Impressum &#187; CREATIVE AUSTRIA \u2013 Contemporary Culture\" \/>\n<meta property=\"og:url\" content=\"https:\/\/www.creativeaustria.at\/en\/impressum\/\" \/>\n<meta property=\"og:site_name\" content=\"CREATIVE AUSTRIA \u2013 Contemporary Culture\" \/>\n<meta property=\"article:publisher\" content=\"https:\/\/www.facebook.com\/creativeaustria\" \/>\n<meta property=\"article:modified_time\" content=\"2018-03-08T13:40:54+00:00\" \/>\n<meta name=\"twitter:card\" content=\"summary_large_image\" \/>\n<meta name=\"twitter:label1\" content=\"Est. reading time\" \/>\n\t<meta name=\"twitter:data1\" content=\"1 minute\" \/>\n<script type=\"application\/ld+json\" class=\"yoast-schema-graph\">{\"@context\":\"https:\/\/schema.org\",\"@graph\":[{\"@type\":\"WebPage\",\"@id\":\"https:\/\/www.creativeaustria.at\/en\/impressum\/\",\"url\":\"https:\/\/www.creativeaustria.at\/en\/impressum\/\",\"name\":\"Impressum &#187; CREATIVE AUSTRIA \u2013 Contemporary Culture\",\"isPartOf\":{\"@id\":\"https:\/\/www.creativeaustria.at\/#website\"},\"datePublished\":\"2018-01-18T13:28:45+00:00\",\"dateModified\":\"2018-03-08T13:40:54+00:00\",\"breadcrumb\":{\"@id\":\"https:\/\/www.creativeaustria.at\/en\/impressum\/#breadcrumb\"},\"inLanguage\":\"en-US\",\"potentialAction\":[{\"@type\":\"ReadAction\",\"target\":[\"https:\/\/www.creativeaustria.at\/en\/impressum\/\"]}]},{\"@type\":\"BreadcrumbList\",\"@id\":\"https:\/\/www.creativeaustria.at\/en\/impressum\/#breadcrumb\",\"itemListElement\":[{\"@type\":\"ListItem\",\"position\":1,\"name\":\"Startseite\",\"item\":\"https:\/\/www.creativeaustria.at\/en\/\"},{\"@type\":\"ListItem\",\"position\":2,\"name\":\"Impressum\"}]},{\"@type\":\"WebSite\",\"@id\":\"https:\/\/www.creativeaustria.at\/#website\",\"url\":\"https:\/\/www.creativeaustria.at\/\",\"name\":\"CREATIVE AUSTRIA \u2013 Contemporary Culture\",\"description\":\"Austrias Magazine for Contemporary Culture\",\"potentialAction\":[{\"@type\":\"SearchAction\",\"target\":{\"@type\":\"EntryPoint\",\"urlTemplate\":\"https:\/\/www.creativeaustria.at\/?s={search_term_string}\"},\"query-input\":{\"@type\":\"PropertyValueSpecification\",\"valueRequired\":true,\"valueName\":\"search_term_string\"}}],\"inLanguage\":\"en-US\"}]}<\/script>\n<!-- \/ Yoast SEO plugin. -->","yoast_head_json":{"title":"Impressum &#187; CREATIVE AUSTRIA \u2013 Contemporary Culture","robots":{"index":"index","follow":"follow","max-snippet":"max-snippet:-1","max-image-preview":"max-image-preview:large","max-video-preview":"max-video-preview:-1"},"canonical":"https:\/\/www.creativeaustria.at\/en\/impressum\/","og_locale":"en_US","og_type":"article","og_title":"Impressum &#187; CREATIVE AUSTRIA \u2013 Contemporary Culture","og_url":"https:\/\/www.creativeaustria.at\/en\/impressum\/","og_site_name":"CREATIVE AUSTRIA \u2013 Contemporary Culture","article_publisher":"https:\/\/www.facebook.com\/creativeaustria","article_modified_time":"2018-03-08T13:40:54+00:00","twitter_card":"summary_large_image","twitter_misc":{"Est. reading time":"1 minute"},"schema":{"@context":"https:\/\/schema.org","@graph":[{"@type":"WebPage","@id":"https:\/\/www.creativeaustria.at\/en\/impressum\/","url":"https:\/\/www.creativeaustria.at\/en\/impressum\/","name":"Impressum &#187; CREATIVE AUSTRIA \u2013 Contemporary Culture","isPartOf":{"@id":"https:\/\/www.creativeaustria.at\/#website"},"datePublished":"2018-01-18T13:28:45+00:00","dateModified":"2018-03-08T13:40:54+00:00","breadcrumb":{"@id":"https:\/\/www.creativeaustria.at\/en\/impressum\/#breadcrumb"},"inLanguage":"en-US","potentialAction":[{"@type":"ReadAction","target":["https:\/\/www.creativeaustria.at\/en\/impressum\/"]}]},{"@type":"BreadcrumbList","@id":"https:\/\/www.creativeaustria.at\/en\/impressum\/#breadcrumb","itemListElement":[{"@type":"ListItem","position":1,"name":"Startseite","item":"https:\/\/www.creativeaustria.at\/en\/"},{"@type":"ListItem","position":2,"name":"Impressum"}]},{"@type":"WebSite","@id":"https:\/\/www.creativeaustria.at\/#website","url":"https:\/\/www.creativeaustria.at\/","name":"CREATIVE AUSTRIA \u2013 Contemporary Culture","description":"Austrias Magazine for Contemporary Culture","potentialAction":[{"@type":"SearchAction","target":{"@type":"EntryPoint","urlTemplate":"https:\/\/www.creativeaustria.at\/?s={search_term_string}"},"query-input":{"@type":"PropertyValueSpecification","valueRequired":true,"valueName":"search_term_string"}}],"inLanguage":"en-US"}]}},"jetpack_sharing_enabled":true,"jetpack_shortlink":"https:\/\/wp.me\/P9E1qX-Ae","_links":{"self":[{"href":"https:\/\/www.creativeaustria.at\/en\/wp-json\/wp\/v2\/pages\/2246"}],"collection":[{"href":"https:\/\/www.creativeaustria.at\/en\/wp-json\/wp\/v2\/pages"}],"about":[{"href":"https:\/\/www.creativeaustria.at\/en\/wp-json\/wp\/v2\/types\/page"}],"author":[{"embeddable":true,"href":"https:\/\/www.creativeaustria.at\/en\/wp-json\/wp\/v2\/users\/1"}],"replies":[{"embeddable":true,"href":"https:\/\/www.creativeaustria.at\/en\/wp-json\/wp\/v2\/comments?post=2246"}],"version-history":[{"count":6,"href":"https:\/\/www.creativeaustria.at\/en\/wp-json\/wp\/v2\/pages\/2246\/revisions"}],"predecessor-version":[{"id":7447,"href":"https:\/\/www.creativeaustria.at\/en\/wp-json\/wp\/v2\/pages\/2246\/revisions\/7447"}],"wp:attachment":[{"href":"https:\/\/www.creativeaustria.at\/en\/wp-json\/wp\/v2\/media?parent=2246"}],"curies":[{"name":"wp","href":"https:\/\/api.w.org\/{rel}","templated":true}]}}